{"id":4797,"date":"2017-12-13T16:32:49","date_gmt":"2017-12-13T15:32:49","guid":{"rendered":"https:\/\/www.khz.nl\/?page_id=4797"},"modified":"2023-02-13T17:46:49","modified_gmt":"2023-02-13T15:46:49","slug":"votre-equipe","status":"publish","type":"page","link":"https:\/\/www.khz-movers.com\/fr\/votre-equipe\/","title":{"rendered":"Notre \u00e9quipe"},"content":{"rendered":"<p>[et_pb_section fb_built=\u00a0\u00bb1&Prime; fullwidth=\u00a0\u00bbon\u00a0\u00bb admin_label=\u00a0\u00bbTitle\u00a0\u00bb _builder_version=\u00a0\u00bb4.6.5&Prime; _module_preset=\u00a0\u00bbdefault\u00a0\u00bb locked=\u00a0\u00bboff\u00a0\u00bb collapsed=\u00a0\u00bbon\u00a0\u00bb][et_pb_fullwidth_post_title meta=\u00a0\u00bboff\u00a0\u00bb featured_image=\u00a0\u00bboff\u00a0\u00bb _builder_version=\u00a0\u00bb4.6.5&Prime; _module_preset=\u00a0\u00bbdefault\u00a0\u00bb title_text_align=\u00a0\u00bbcenter\u00a0\u00bb title_text_color=\u00a0\u00bb#ffffff\u00a0\u00bb title_font_size=\u00a0\u00bb28px\u00a0\u00bb background_color=\u00a0\u00bb#b02b08&Prime; custom_padding=\u00a0\u00bb40px||30px||false|false\u00a0\u00bb][\/et_pb_fullwidth_post_title][\/et_pb_section][et_pb_section fb_built=\u00a0\u00bb1&Prime; admin_label=\u00a0\u00bbBreadcrumbs\u00a0\u00bb _builder_version=\u00a0\u00bb4.6.5&Prime; _module_preset=\u00a0\u00bbdefault\u00a0\u00bb custom_padding=\u00a0\u00bb0px||0px|||\u00a0\u00bb locked=\u00a0\u00bboff\u00a0\u00bb collapsed=\u00a0\u00bbon\u00a0\u00bb][et_pb_row _builder_version=\u00a0\u00bb4.6.5&Prime; _module_preset=\u00a0\u00bbdefault\u00a0\u00bb width=\u00a0\u00bb85%\u00a0\u00bb max_width=\u00a0\u00bb85%\u00a0\u00bb][et_pb_column type=\u00a0\u00bb4_4&Prime; _builder_version=\u00a0\u00bb4.6.5&Prime; _module_preset=\u00a0\u00bbdefault\u00a0\u00bb][lwp_divi_breadcrumbs _builder_version=\u00a0\u00bb4.6.5&Prime; _module_preset=\u00a0\u00bbdefault\u00a0\u00bb module_font_size=\u00a0\u00bb11px\u00a0\u00bb][\/lwp_divi_breadcrumbs][\/et_pb_column][\/et_pb_row][\/et_pb_section][et_pb_section fb_built=\u00a0\u00bb1&Prime; admin_label=\u00a0\u00bbContent\u00a0\u00bb _builder_version=\u00a0\u00bb4.6.5&Prime; _module_preset=\u00a0\u00bbdefault\u00a0\u00bb custom_padding=\u00a0\u00bb0px|||||\u00a0\u00bb locked=\u00a0\u00bboff\u00a0\u00bb collapsed=\u00a0\u00bbon\u00a0\u00bb][et_pb_row _builder_version=\u00a0\u00bb4.6.5&Prime; _module_preset=\u00a0\u00bbdefault\u00a0\u00bb width=\u00a0\u00bb85%\u00a0\u00bb max_width=\u00a0\u00bb85%\u00a0\u00bb][et_pb_column type=\u00a0\u00bb4_4&Prime; _builder_version=\u00a0\u00bb4.6.5&Prime; _module_preset=\u00a0\u00bbdefault\u00a0\u00bb][et_pb_text admin_label=\u00a0\u00bbText\u00a0\u00bb _builder_version=\u00a0\u00bb4.8.1&Prime; hover_enabled=\u00a0\u00bb0&Prime; sticky_enabled=\u00a0\u00bb0&Prime;]<\/p>\n<div class=\"wpb_text_column wpb_content_element \" style=\"padding: 0px; box-sizing: border-box; color: #676b6d; font-family: 'Open Sans', Helvetica, Arial, Verdana, sans-serif; font-size: 15px; font-style: normal; font-variant-ligatures: normal; font-variant-caps: normal; font-weight: 400; letter-spacing: normal; orphans: 2; text-align: start; text-indent: 0px; text-transform: none; white-space: normal; widows: 2; word-spacing: 0px; -webkit-text-stroke-width: 0px; background-color: #ffffff; text-decoration-style: initial; text-decoration-color: initial; margin: 0px 0px 0px !important 0px;\">\n<div class=\"wpb_wrapper\" style=\"margin: 0px; padding: 0px; box-sizing: border-box;\">\n<h2 style=\"margin: 20px 0px 0px; padding: 0px; box-sizing: border-box; clear: both; word-break: break-word; color: inherit; font-style: normal; font-variant: normal; font-weight: 500; font-stretch: normal; font-size: 30px; line-height: 1.1; font-family: inherit; text-transform: none;\">Nous sommes toujours l\u00e0 pour vous !<\/h2>\n<\/div>\n<\/div>\n<div class=\"vc_empty_space\" style=\"margin: 0px; padding: 0px; box-sizing: border-box; clear: both; color: #676b6d; font-family: 'Open Sans', Helvetica, Arial, Verdana, sans-serif; font-size: 15px; font-style: normal; font-variant-ligatures: normal; font-variant-caps: normal; font-weight: 400; letter-spacing: normal; orphans: 2; text-align: start; text-indent: 0px; text-transform: none; white-space: normal; widows: 2; word-spacing: 0px; -webkit-text-stroke-width: 0px; background-color: #ffffff; text-decoration-style: initial; text-decoration-color: initial; height: 20px;\"><span class=\"vc_empty_space_inner\" style=\"margin: 0px; padding: 0px; box-sizing: border-box;\"><\/span><\/div>\n<div class=\"wpb_text_column wpb_content_element \" style=\"padding: 0px; box-sizing: border-box; color: #676b6d; font-family: 'Open Sans', Helvetica, Arial, Verdana, sans-serif; font-size: 15px; font-style: normal; font-variant-ligatures: normal; font-variant-caps: normal; font-weight: 400; letter-spacing: normal; orphans: 2; text-align: start; text-indent: 0px; text-transform: none; white-space: normal; widows: 2; word-spacing: 0px; -webkit-text-stroke-width: 0px; background-color: #ffffff; text-decoration-style: initial; text-decoration-color: initial; margin: 0px 0px 0px !important 0px;\">\n<div class=\"wpb_wrapper\" style=\"margin: 0px; padding: 0px; box-sizing: border-box;\">\n<p style=\"margin: 0px 0px 10px; padding: 0px; box-sizing: border-box;\">Des individus disposant d\u2019un ensemble de comp\u00e9tences compl\u00e9mentaires requises pour mener \u00e0 bien une t\u00e2che, un travail ou un projet.<\/p>\n<p style=\"margin: 0px; padding: 0px; box-sizing: border-box;\">Du d\u00e9but de votre projet de d\u00e9m\u00e9nagement au d\u00e9ballage des derniers cartons, vous et vos biens recevront toute l\u2019attention n\u00e9cessaire, car nous savons qu\u2019un d\u00e9m\u00e9nagement n\u2019est pas un \u00e9v\u00e9nement anodin pour vous. Nous d\u00e9m\u00e9nageons des personnes chaque jour et nous essayons de penser \u00e0 tout. Votre<span>\u00a0<\/span><a href=\"https:\/\/www.khz-movers.com\/fr\/votre-responsable-demenagement\/\" style=\"margin: 0px; padding: 0px; box-sizing: border-box; text-decoration: none; color: #b02b08; background-color: transparent;\">responsable d\u00e9m\u00e9nagement personnel<\/a><span>\u00a0<\/span>chez <a href=\"https:\/\/www.khz-movers.com\/fr\/\" style=\"color: #b02b08;\">AGS Global Solutions &#8211; Netherlands<\/a> sera garant du bon d\u00e9roulement de votre d\u00e9m\u00e9nagement et s\u2019en chargera pour vous.<\/p>\n<\/div>\n<\/div>\n<p>[\/et_pb_text][\/et_pb_column][\/et_pb_row][et_pb_row column_structure=\u00a0\u00bb3_5,2_5&Prime; _builder_version=\u00a0\u00bb4.6.5&Prime; _module_preset=\u00a0\u00bbdefault\u00a0\u00bb width=\u00a0\u00bb85%\u00a0\u00bb max_width=\u00a0\u00bb85%\u00a0\u00bb][et_pb_column type=\u00a0\u00bb3_5&Prime; _builder_version=\u00a0\u00bb4.6.5&Prime; _module_preset=\u00a0\u00bbdefault\u00a0\u00bb][et_pb_text admin_label=\u00a0\u00bbText\u00a0\u00bb _builder_version=\u00a0\u00bb4.8.1&Prime; custom_margin=\u00a0\u00bb||21px|||\u00a0\u00bb hover_enabled=\u00a0\u00bb0&Prime; sticky_enabled=\u00a0\u00bb0&Prime;]<\/p>\n<h2 style=\"margin: 20px 0px 0px; padding: 0px; box-sizing: border-box; clear: both; word-break: break-word; color: #676b6d; font: 500 30px \/ 1.1 'Open Sans', Helvetica, Arial, Verdana, sans-serif; text-transform: none; letter-spacing: normal; orphans: 2; text-align: start; text-indent: 0px; white-space: normal; widows: 2; word-spacing: 0px; -webkit-text-stroke-width: 0px; background-color: #ffffff; text-decoration-style: initial; text-decoration-color: initial;\">Pourquoi choisir AGS Netherlands ?<\/h2>\n<p>[\/et_pb_text][et_pb_counters bar_bg_color=\u00a0\u00bb#b02b08&Prime; use_percentages=\u00a0\u00bboff\u00a0\u00bb _builder_version=\u00a0\u00bb4.7.1&Prime; _module_preset=\u00a0\u00bbdefault\u00a0\u00bb custom_margin=\u00a0\u00bb||10px||false|false\u00a0\u00bb custom_padding=\u00a0\u00bb5px||5px||true|false\u00a0\u00bb custom_css_counter_title=\u00a0\u00bbposition:absolute!important;||padding: 5px 0px 0px 20px!important;||z-index: 99;||\u00a0\u00bb][et_pb_counter percent=\u00a0\u00bb100&Prime; _builder_version=\u00a0\u00bb4.7.1&Prime; _module_preset=\u00a0\u00bbdefault\u00a0\u00bb title_text_color=\u00a0\u00bb#ffffff\u00a0\u00bb background_enable_color_default=\u00a0\u00bbon\u00a0\u00bb parallax_default=\u00a0\u00bboff\u00a0\u00bb parallax_method_default=\u00a0\u00bbon\u00a0\u00bb bar_background_color_default=\u00a0\u00bb#b02b08&Prime; use_percentages=\u00a0\u00bboff\u00a0\u00bb allow_player_pause_default=\u00a0\u00bboff\u00a0\u00bb]Plus de 40 ans d&rsquo;exp\u00e9rience[\/et_pb_counter][\/et_pb_counters][et_pb_counters bar_bg_color=\u00a0\u00bb#b02b08&Prime; use_percentages=\u00a0\u00bboff\u00a0\u00bb _builder_version=\u00a0\u00bb4.7.1&Prime; _module_preset=\u00a0\u00bbdefault\u00a0\u00bb custom_margin=\u00a0\u00bb||10px||false|false\u00a0\u00bb custom_padding=\u00a0\u00bb5px||5px||true|false\u00a0\u00bb custom_css_counter_title=\u00a0\u00bbposition:absolute!important;||padding: 5px 0px 0px 20px!important;||z-index: 99;||\u00a0\u00bb][et_pb_counter percent=\u00a0\u00bb100&Prime; _builder_version=\u00a0\u00bb4.7.1&Prime; _module_preset=\u00a0\u00bbdefault\u00a0\u00bb title_text_color=\u00a0\u00bb#ffffff\u00a0\u00bb background_enable_color_default=\u00a0\u00bbon\u00a0\u00bb parallax_default=\u00a0\u00bboff\u00a0\u00bb parallax_method_default=\u00a0\u00bbon\u00a0\u00bb bar_background_color_default=\u00a0\u00bb#b02b08&Prime; use_percentages=\u00a0\u00bboff\u00a0\u00bb allow_player_pause_default=\u00a0\u00bboff\u00a0\u00bb]Certifi\u00e9e FIDI[\/et_pb_counter][\/et_pb_counters][et_pb_counters bar_bg_color=\u00a0\u00bb#b02b08&Prime; use_percentages=\u00a0\u00bboff\u00a0\u00bb _builder_version=\u00a0\u00bb4.7.1&Prime; _module_preset=\u00a0\u00bbdefault\u00a0\u00bb custom_margin=\u00a0\u00bb||10px||false|false\u00a0\u00bb custom_padding=\u00a0\u00bb5px||5px||true|false\u00a0\u00bb custom_css_counter_title=\u00a0\u00bbposition:absolute!important;||padding: 5px 0px 0px 20px!important;||z-index: 99;||\u00a0\u00bb][et_pb_counter percent=\u00a0\u00bb100&Prime; _builder_version=\u00a0\u00bb4.7.1&Prime; _module_preset=\u00a0\u00bbdefault\u00a0\u00bb title_text_color=\u00a0\u00bb#ffffff\u00a0\u00bb background_enable_color_default=\u00a0\u00bbon\u00a0\u00bb parallax_default=\u00a0\u00bboff\u00a0\u00bb parallax_method_default=\u00a0\u00bbon\u00a0\u00bb bar_background_color_default=\u00a0\u00bb#b02b08&Prime; use_percentages=\u00a0\u00bboff\u00a0\u00bb allow_player_pause_default=\u00a0\u00bboff\u00a0\u00bb]Des \u00e9quipes de d\u00e9m\u00e9nagement comp\u00e9tentes[\/et_pb_counter][\/et_pb_counters][et_pb_counters bar_bg_color=\u00a0\u00bb#b02b08&Prime; use_percentages=\u00a0\u00bboff\u00a0\u00bb _builder_version=\u00a0\u00bb4.7.1&Prime; _module_preset=\u00a0\u00bbdefault\u00a0\u00bb custom_margin=\u00a0\u00bb||10px||false|false\u00a0\u00bb custom_padding=\u00a0\u00bb5px||5px||true|false\u00a0\u00bb custom_css_counter_title=\u00a0\u00bbposition:absolute!important;||padding: 5px 0px 0px 20px!important;||z-index: 99;||\u00a0\u00bb][et_pb_counter percent=\u00a0\u00bb100&Prime; _builder_version=\u00a0\u00bb4.7.1&Prime; _module_preset=\u00a0\u00bbdefault\u00a0\u00bb title_text_color=\u00a0\u00bb#ffffff\u00a0\u00bb background_enable_color_default=\u00a0\u00bbon\u00a0\u00bb parallax_default=\u00a0\u00bboff\u00a0\u00bb parallax_method_default=\u00a0\u00bbon\u00a0\u00bb bar_background_color_default=\u00a0\u00bb#b02b08&Prime; use_percentages=\u00a0\u00bboff\u00a0\u00bb allow_player_pause_default=\u00a0\u00bboff\u00a0\u00bb]Des employ\u00e9s certifi\u00e9s fiables et dignes de confiance[\/et_pb_counter][\/et_pb_counters][et_pb_counters bar_bg_color=\u00a0\u00bb#b02b08&Prime; use_percentages=\u00a0\u00bboff\u00a0\u00bb _builder_version=\u00a0\u00bb4.7.1&Prime; _module_preset=\u00a0\u00bbdefault\u00a0\u00bb custom_margin=\u00a0\u00bb||10px||false|false\u00a0\u00bb custom_padding=\u00a0\u00bb5px||5px||true|false\u00a0\u00bb custom_css_counter_title=\u00a0\u00bbposition:absolute!important;||padding: 5px 0px 0px 20px!important;||z-index: 99;||\u00a0\u00bb][et_pb_counter percent=\u00a0\u00bb100&Prime; _builder_version=\u00a0\u00bb4.7.1&Prime; _module_preset=\u00a0\u00bbdefault\u00a0\u00bb title_text_color=\u00a0\u00bb#ffffff\u00a0\u00bb background_enable_color_default=\u00a0\u00bbon\u00a0\u00bb parallax_default=\u00a0\u00bboff\u00a0\u00bb parallax_method_default=\u00a0\u00bbon\u00a0\u00bb bar_background_color_default=\u00a0\u00bb#b02b08&Prime; use_percentages=\u00a0\u00bboff\u00a0\u00bb allow_player_pause_default=\u00a0\u00bboff\u00a0\u00bb]Toujours en contr\u00f4le[\/et_pb_counter][\/et_pb_counters][\/et_pb_column][et_pb_column type=\u00a0\u00bb2_5&Prime; _builder_version=\u00a0\u00bb4.6.5&Prime; _module_preset=\u00a0\u00bbdefault\u00a0\u00bb][et_pb_text admin_label=\u00a0\u00bbText\u00a0\u00bb _builder_version=\u00a0\u00bb4.8.1&Prime; custom_margin=\u00a0\u00bb||21px||false|false\u00a0\u00bb custom_padding=\u00a0\u00bb|||15%|false|false\u00a0\u00bb custom_padding_tablet=\u00a0\u00bb|||0%|false|false\u00a0\u00bb custom_padding_phone=\u00a0\u00bb\u00a0\u00bb custom_padding_last_edited=\u00a0\u00bbon|phone\u00a0\u00bb]<\/p>\n<div class=\"wpb_text_column wpb_content_element \" style=\"padding: 0px; box-sizing: border-box; color: #676b6d; font-family: 'Open Sans', Helvetica, Arial, Verdana, sans-serif; font-size: 15px; font-style: normal; font-variant-ligatures: normal; font-variant-caps: normal; font-weight: 400; letter-spacing: normal; orphans: 2; text-align: start; text-indent: 0px; text-transform: none; white-space: normal; widows: 2; word-spacing: 0px; -webkit-text-stroke-width: 0px; background-color: #ffffff; text-decoration-style: initial; text-decoration-color: initial; margin: 0px 0px 0px !important 0px;\">\n<div class=\"wpb_wrapper\" style=\"margin: 0px; padding: 0px; box-sizing: border-box;\">\n<h2 style=\"margin: 20px 0px 0px; padding: 0px; box-sizing: border-box; clear: both; word-break: break-word; color: inherit; font-style: normal; font-variant: normal; font-weight: 500; font-stretch: normal; font-size: 30px; line-height: 1.1; font-family: inherit; text-transform: none;\">Nos valeurs fondatrices<\/h2>\n<\/div>\n<\/div>\n<p>[\/et_pb_text][et_pb_text admin_label=\u00a0\u00bbText\u00a0\u00bb _builder_version=\u00a0\u00bb4.8.1&Prime; custom_padding=\u00a0\u00bb|||15%|false|false\u00a0\u00bb custom_padding_tablet=\u00a0\u00bb|||0%|false|false\u00a0\u00bb custom_padding_phone=\u00a0\u00bb\u00a0\u00bb custom_padding_last_edited=\u00a0\u00bbon|phone\u00a0\u00bb]<\/p>\n<ul class=\"numbered-list\">\n<li>Etre son propre client<\/li>\n<li>Epanouissement personnel<\/li>\n<li>Le bon travail prend du temps<\/li>\n<li>Honorer ses promesses<\/li>\n<li>Toujours d\u00e9passer les attentes<\/li>\n<li>Responsabilit\u00e9<\/li>\n<li>Am\u00e9lioration permanente<\/li>\n<\/ul>\n<p>[\/et_pb_text][\/et_pb_column][\/et_pb_row][\/et_pb_section]<\/p>\n","protected":false},"excerpt":{"rendered":"<p><div class=\"et_pb_module lwp_divi_breadcrumbs lwp_divi_breadcrumbs_0\">\n\t\t\t\t\n\t\t\t\t\n\t\t\t\t\n\t\t\t\t\n\t\t\t\t\n\t\t\t\t\n\t\t\t\t<div class=\"et_pb_module_inner\">\n\t\t\t\t\t<div class=\"lwp-breadcrumbs\"> <span class=\"before\"><\/span> <span vocab=\"https:\/\/schema.org\/\" typeof=\"BreadcrumbList\"><span property=\"itemListElement\" typeof=\"ListItem\"><a property=\"item\" typeof=\"WebPage\" href=\"https:\/\/www.khz-movers.com\/fr\/\" class=\"home\"><span property=\"name\">Home<\/span><\/a><meta property=\"position\" content=\"1\"><\/span> <span class=\"separator et-pb-icon\">&#x39;<\/span> <\/span><\/div>\n\t\t\t\t<\/div>\n\t\t\t<\/div> Nous sommes toujours l\u00e0 pour vous ! Des individus disposant d\u2019un ensemble de comp\u00e9tences compl\u00e9mentaires requises pour mener \u00e0 bien une t\u00e2che, un travail ou un projet. Du d\u00e9but de votre projet de d\u00e9m\u00e9nagement au d\u00e9ballage des derniers cartons, vous et vos biens recevront toute l\u2019attention n\u00e9cessaire, car nous savons qu\u2019un [&hellip;]<\/p>\n","protected":false},"author":32,"featured_media":0,"parent":0,"menu_order":0,"comment_status":"closed","ping_status":"open","template":"","meta":{"_et_pb_use_builder":"on","_et_pb_old_content":"","_et_gb_content_width":"","footnotes":""},"class_list":["post-4797","page","type-page","status-publish","hentry"],"_links":{"self":[{"href":"https:\/\/www.khz-movers.com\/fr\/wp-json\/wp\/v2\/pages\/4797","targetHints":{"allow":["GET"]}}],"collection":[{"href":"https:\/\/www.khz-movers.com\/fr\/wp-json\/wp\/v2\/pages"}],"about":[{"href":"https:\/\/www.khz-movers.com\/fr\/wp-json\/wp\/v2\/types\/page"}],"author":[{"embeddable":true,"href":"https:\/\/www.khz-movers.com\/fr\/wp-json\/wp\/v2\/users\/32"}],"replies":[{"embeddable":true,"href":"https:\/\/www.khz-movers.com\/fr\/wp-json\/wp\/v2\/comments?post=4797"}],"version-history":[{"count":0,"href":"https:\/\/www.khz-movers.com\/fr\/wp-json\/wp\/v2\/pages\/4797\/revisions"}],"wp:attachment":[{"href":"https:\/\/www.khz-movers.com\/fr\/wp-json\/wp\/v2\/media?parent=4797"}],"curies":[{"name":"wp","href":"https:\/\/api.w.org\/{rel}","templated":true}]}}