{"id":4839,"date":"2017-12-13T17:10:10","date_gmt":"2017-12-13T16:10:10","guid":{"rendered":"https:\/\/www.khz.nl\/?page_id=4839"},"modified":"2018-04-23T09:34:23","modified_gmt":"2018-04-23T07:34:23","slug":"importation-dun-vehicule-tourisme-en-provenance-lunion-europeenne","status":"publish","type":"page","link":"https:\/\/www.khz-movers.com\/fr\/demenagement-vehicules-motorises\/importation-dun-vehicule-tourisme-en-provenance-lunion-europeenne\/","title":{"rendered":"Importation d&rsquo;un v\u00e9hicule en provenance de l&rsquo;Union europ\u00e9enne"},"content":{"rendered":"<p><strong>Vous pouvez obtenir un certificat d&rsquo;immatriculation n\u00e9erlandais pour un v\u00e9hicule pr\u00e9c\u00e9demment enregistr\u00e9 dans un \u00c9tat membre de l&rsquo;Union europ\u00e9enne (UE) ou aupr\u00e8s de l&rsquo;Association europ\u00e9enne de libre-\u00e9change (AELE). Vous devez le d\u00e9montrer en fournissant le certificat d&rsquo;immatriculation du v\u00e9hicule \u00e0 partir du pays d&rsquo;origine de celui-ci. Ceci est assujetti \u00e0 la condition qu&rsquo;il s&rsquo;agisse d&rsquo;un certificat d&rsquo;immatriculation de v\u00e9hicule ordinaire sans aucun d\u00e9tail sp\u00e9cial.<\/strong><\/p>\n<p>Si ce qui pr\u00e9c\u00e8de s&rsquo;applique \u00e0 votre v\u00e9hicule, proc\u00e9dez comme suit pour obtenir un certificat d&rsquo;immatriculation n\u00e9erlandais :<\/p>\n<ol>\n<li>Inspection RDW<\/li>\n<li>Immatriculation du v\u00e9hicule pour une journ\u00e9e<\/li>\n<li>D\u00e9claration d&rsquo;importation BPM<\/li>\n<li>Plaque d&rsquo;immatriculation<\/li>\n<li>Assurance du v\u00e9hicule<\/li>\n<\/ol>\n<ol>\n<li><strong>Inspection RDW.<\/strong> Pour obtenir un certificat d&rsquo;immatriculation pour votre v\u00e9hicule, vous devez pr\u00e9senter le v\u00e9hicule de tourisme pour une inspection \u00e0 une station d&rsquo;inspection RDW. Le RDW est joignable 24 h sur 24 par courrier \u00e9lectronique ou par la poste. Le service client\u00e8le est \u00e9galement joignable par t\u00e9l\u00e9phone entre 8h00 et 17h00 (du lundi au vendredi). Le num\u00e9ro : 0900-07 39 (\u20ac 0,10 p.m.).<\/li>\n<li><strong>Immatriculation du v\u00e9hicule pour une journ\u00e9e.<\/strong> Pour le trajet aller-retour vers la station d&rsquo;inspection , vous pouvez utiliser une immatriculation pour une journ\u00e9e. Contactez la station d&rsquo;inspection RDW. Ils vous enverront une immatriculation pour une journ\u00e9e avec une confirmation du rendez-vous d&rsquo;inspection RDW.<\/li>\n<li><strong>D\u00e9claration d&rsquo;importation BPM.<\/strong> Si vous souhaitez obtenir une immatriculation n\u00e9erlandaise pour un v\u00e9hicule que vous avez achet\u00e9 \u00e0 l&rsquo;\u00e9tranger, vous devrez satisfaire \u00e0 un certain nombre de conditions. L&rsquo;une d&rsquo;entre elles est de faire une d\u00e9claration pour le BPM et la taxe sur les v\u00e9hicules automobiles et les motos priv\u00e9es. Pour chaque v\u00e9hicule inscrit \u00e0 votre nom aux Pays-Bas, vous devez payer une taxe.<\/li>\n<\/ol>\n<p>Une fois votre v\u00e9hicule inspect\u00e9, vous devrez l&#8217;emmener \u00e0 un point de d\u00e9claration BPM \u00e0 la douane. Ce point de d\u00e9claration est situ\u00e9 \u00e0 la station d&rsquo;inspection. Afin d&rsquo;organiser la d\u00e9claration BPM pendant l&rsquo;importation, vous devez prendre avec vous ce qui suit au bureau de d\u00e9livrance du BPM :<\/p>\n<ul>\n<li>Votre v\u00e9hicule<\/li>\n<li>Le formulaire de d\u00e9claration BPM que vous avez re\u00e7u de la part de la station d&rsquo;inspection<\/li>\n<li>La preuve d&rsquo;origine du v\u00e9hicule (par exemple le certificat d&rsquo;enregistrement du v\u00e9hicule \u00e0 l&rsquo;\u00e9tranger)<\/li>\n<li>Si vous avez achet\u00e9 le v\u00e9hicule \u00e0 l&rsquo;ext\u00e9rieur de l&rsquo;UE : le document administratif unique (de la douane)<\/li>\n<\/ul>\n<p>Est-ce que vous d\u00e9m\u00e9nagez aux Pays-Bas en provenance d&rsquo;un autre pays de l&rsquo;UE ?<br \/>\nVous n&rsquo;\u00eates g\u00e9n\u00e9ralement pas tenu de payer une taxe sur l&rsquo;importation de votre v\u00e9hicule ou de votre moto.<\/p>\n<ol start=\"4\">\n<li><strong>Fabricant de plaques d&rsquo;immatriculation.<\/strong> Apr\u00e8s avoir pay\u00e9 le BPM, RDW vous enverra le certificat d&rsquo;immatriculation du v\u00e9hicule de Veendam. Une fois le certificat d&rsquo;immatriculation du v\u00e9hicule re\u00e7u, vous devrez vous procurer des plaques d&rsquo;immatriculation chez un fabricant de plaques d&rsquo;immatriculation d\u00e9sign\u00e9.<\/li>\n<li><strong>L&rsquo;assurance du v\u00e9hicule.<\/strong> Vous pouvez trouver plusieurs compagnies d&rsquo;assurance en ligne ou demander \u00e0 notre bureau si vous avez besoin d&rsquo;aide.<\/li>\n<\/ol>\n<p><strong>Identification<\/strong><br \/>\nPour l&rsquo;inspection, vous devrez vous identifier \u00e0 RDW. Vous pouvez vous identifier avec :<\/p>\n<ul>\n<li>Un permis de conduire n\u00e9erlandais conforme<\/li>\n<li>Un passeport n\u00e9erlandais conforme + une copie r\u00e9cente de GBA *<\/li>\n<li>Une carte d&rsquo;identit\u00e9 \u00e9trang\u00e8re (UE \/ pays de l&rsquo;EVA) + une copie r\u00e9cente de GBA *<\/li>\n<li>Un passeport \u00e9tranger + une copie r\u00e9cente de GBA *<br \/>\n<strong>* La copie de GBA ne doit pas d\u00e9passer 3 mois.<\/strong><\/li>\n<\/ul>\n<p><strong>Co\u00fbts<\/strong><br \/>\nLes co\u00fbts d\u00e9pendent de l&rsquo;\u00e2ge du v\u00e9hicule en question, des documents fournis et dans quelle mesure le v\u00e9hicule doit \u00eatre inspect\u00e9 ou test\u00e9 individuellement.<\/p>\n<p><strong>Pour plus d&rsquo;informations d\u00e9taill\u00e9es sur l&rsquo;importation de votre v\u00e9hicule depuis l&rsquo;UE, visitez <a href=\"https:\/\/www.rdw.nl\/englishinformation\/paginas\/default.aspx\">la page RDW en anglais<\/a>.<\/strong><\/p>\n","protected":false},"excerpt":{"rendered":"<p>Vous pouvez obtenir un certificat d&rsquo;immatriculation n\u00e9erlandais pour un v\u00e9hicule pr\u00e9c\u00e9demment enregistr\u00e9 dans un \u00c9tat membre de l&rsquo;Union europ\u00e9enne (UE) ou aupr\u00e8s de l&rsquo;Association europ\u00e9enne de libre-\u00e9change (AELE). Vous devez le d\u00e9montrer en fournissant le certificat d&rsquo;immatriculation du v\u00e9hicule \u00e0 partir du pays d&rsquo;origine de celui-ci. Ceci est assujetti \u00e0 la condition qu&rsquo;il s&rsquo;agisse d&rsquo;un [&hellip;]<\/p>\n","protected":false},"author":32,"featured_media":0,"parent":4836,"menu_order":0,"comment_status":"closed","ping_status":"closed","template":"","meta":{"_et_pb_use_builder":"","_et_pb_old_content":"","_et_gb_content_width":"","footnotes":""},"class_list":["post-4839","page","type-page","status-publish","hentry"],"_links":{"self":[{"href":"https:\/\/www.khz-movers.com\/fr\/wp-json\/wp\/v2\/pages\/4839","targetHints":{"allow":["GET"]}}],"collection":[{"href":"https:\/\/www.khz-movers.com\/fr\/wp-json\/wp\/v2\/pages"}],"about":[{"href":"https:\/\/www.khz-movers.com\/fr\/wp-json\/wp\/v2\/types\/page"}],"author":[{"embeddable":true,"href":"https:\/\/www.khz-movers.com\/fr\/wp-json\/wp\/v2\/users\/32"}],"replies":[{"embeddable":true,"href":"https:\/\/www.khz-movers.com\/fr\/wp-json\/wp\/v2\/comments?post=4839"}],"version-history":[{"count":0,"href":"https:\/\/www.khz-movers.com\/fr\/wp-json\/wp\/v2\/pages\/4839\/revisions"}],"up":[{"embeddable":true,"href":"https:\/\/www.khz-movers.com\/fr\/wp-json\/wp\/v2\/pages\/4836"}],"wp:attachment":[{"href":"https:\/\/www.khz-movers.com\/fr\/wp-json\/wp\/v2\/media?parent=4839"}],"curies":[{"name":"wp","href":"https:\/\/api.w.org\/{rel}","templated":true}]}}