{"id":4842,"date":"2017-12-13T17:11:04","date_gmt":"2017-12-13T16:11:04","guid":{"rendered":"https:\/\/www.khz.nl\/?page_id=4842"},"modified":"2023-02-13T17:02:42","modified_gmt":"2023-02-13T15:02:42","slug":"demenager-avec-des-enfants","status":"publish","type":"page","link":"https:\/\/www.khz-movers.com\/fr\/demenager-avec-des-enfants\/","title":{"rendered":"D\u00e9m\u00e9nager avec des enfants"},"content":{"rendered":"<p>[et_pb_section fb_built=\u00a0\u00bb1&Prime; fullwidth=\u00a0\u00bbon\u00a0\u00bb admin_label=\u00a0\u00bbTitle\u00a0\u00bb _builder_version=\u00a0\u00bb4.6.5&Prime; _module_preset=\u00a0\u00bbdefault\u00a0\u00bb locked=\u00a0\u00bboff\u00a0\u00bb collapsed=\u00a0\u00bbon\u00a0\u00bb][et_pb_fullwidth_post_title meta=\u00a0\u00bboff\u00a0\u00bb featured_image=\u00a0\u00bboff\u00a0\u00bb _builder_version=\u00a0\u00bb4.6.5&Prime; _module_preset=\u00a0\u00bbdefault\u00a0\u00bb title_text_align=\u00a0\u00bbcenter\u00a0\u00bb title_text_color=\u00a0\u00bb#ffffff\u00a0\u00bb title_font_size=\u00a0\u00bb28px\u00a0\u00bb background_color=\u00a0\u00bb#b02b08&Prime; custom_padding=\u00a0\u00bb40px||30px||false|false\u00a0\u00bb][\/et_pb_fullwidth_post_title][\/et_pb_section][et_pb_section fb_built=\u00a0\u00bb1&Prime; admin_label=\u00a0\u00bbBreadcrumbs\u00a0\u00bb _builder_version=\u00a0\u00bb4.6.5&Prime; _module_preset=\u00a0\u00bbdefault\u00a0\u00bb custom_padding=\u00a0\u00bb0px||0px|||\u00a0\u00bb locked=\u00a0\u00bboff\u00a0\u00bb collapsed=\u00a0\u00bbon\u00a0\u00bb][et_pb_row _builder_version=\u00a0\u00bb4.6.5&Prime; _module_preset=\u00a0\u00bbdefault\u00a0\u00bb width=\u00a0\u00bb85%\u00a0\u00bb max_width=\u00a0\u00bb85%\u00a0\u00bb][et_pb_column type=\u00a0\u00bb4_4&Prime; _builder_version=\u00a0\u00bb4.6.5&Prime; _module_preset=\u00a0\u00bbdefault\u00a0\u00bb][lwp_divi_breadcrumbs _builder_version=\u00a0\u00bb4.6.5&Prime; _module_preset=\u00a0\u00bbdefault\u00a0\u00bb module_font_size=\u00a0\u00bb11px\u00a0\u00bb][\/lwp_divi_breadcrumbs][\/et_pb_column][\/et_pb_row][\/et_pb_section][et_pb_section fb_built=\u00a0\u00bb1&Prime; admin_label=\u00a0\u00bbContent\u00a0\u00bb _builder_version=\u00a0\u00bb4.6.5&Prime; _module_preset=\u00a0\u00bbdefault\u00a0\u00bb custom_padding=\u00a0\u00bb0px|||||\u00a0\u00bb locked=\u00a0\u00bboff\u00a0\u00bb collapsed=\u00a0\u00bbon\u00a0\u00bb][et_pb_row _builder_version=\u00a0\u00bb4.6.5&Prime; _module_preset=\u00a0\u00bbdefault\u00a0\u00bb width=\u00a0\u00bb85%\u00a0\u00bb max_width=\u00a0\u00bb85%\u00a0\u00bb][et_pb_column type=\u00a0\u00bb4_4&Prime; _builder_version=\u00a0\u00bb4.6.5&Prime; _module_preset=\u00a0\u00bbdefault\u00a0\u00bb][et_pb_text admin_label=\u00a0\u00bbText\u00a0\u00bb _builder_version=\u00a0\u00bb4.8.1&Prime; hover_enabled=\u00a0\u00bb0&Prime; sticky_enabled=\u00a0\u00bb0&Prime;]<\/p>\n<h2 style=\"margin: 20px 0px 10px; padding: 0px; box-sizing: border-box; clear: both; word-break: break-word; color: #676b6d; font: 500 30px \/ 1.1 'Open Sans', Helvetica, Arial, Verdana, sans-serif; text-transform: none; letter-spacing: normal; orphans: 2; text-align: start; text-indent: 0px; white-space: normal; widows: 2; word-spacing: 0px; -webkit-text-stroke-width: 0px; background-color: #ffffff; text-decoration-style: initial; text-decoration-color: initial;\">D\u00e9m\u00e9nager avec des enfants<\/h2>\n<p style=\"margin: 0px 0px 10px; padding: 0px; box-sizing: border-box; color: #676b6d; font-family: 'Open Sans', Helvetica, Arial, Verdana, sans-serif; font-size: 15px; font-style: normal; font-variant-ligatures: normal; font-variant-caps: normal; font-weight: 400; letter-spacing: normal; orphans: 2; text-align: start; text-indent: 0px; text-transform: none; white-space: normal; widows: 2; word-spacing: 0px; -webkit-text-stroke-width: 0px; background-color: #ffffff; text-decoration-style: initial; text-decoration-color: initial;\">Pour les enfants, d\u00e9m\u00e9nager peut \u00eatre une exp\u00e9rience stressante. Ils auront une nouvelle \u00e9cole, une nouvelle maison et beaucoup de nouveaux amis. Une bonne pr\u00e9paration et une prise de conscience des angoisses lors du d\u00e9m\u00e9nagement sont primordiales. Tout cela peut \u00eatre confi\u00e9 \u00e0\u00a0<a href=\"https:\/\/www.khz-movers.com\/fr\/\" style=\"color: #b02b08;\">AGS Global Solutions &#8211; Netherlands<\/a>.<\/p>\n<p style=\"margin: 0px 0px 10px; padding: 0px; box-sizing: border-box; color: #676b6d; font-family: 'Open Sans', Helvetica, Arial, Verdana, sans-serif; font-size: 15px; font-style: normal; font-variant-ligatures: normal; font-variant-caps: normal; font-weight: 400; letter-spacing: normal; orphans: 2; text-align: start; text-indent: 0px; text-transform: none; white-space: normal; widows: 2; word-spacing: 0px; -webkit-text-stroke-width: 0px; background-color: #ffffff; text-decoration-style: initial; text-decoration-color: initial;\">Nous veillerons \u00e0 ce que vos enfants se souviennent de ce d\u00e9m\u00e9nagement comme d\u2019une bonne exp\u00e9rience. Nous fournissons un cahier de coloriage et une surprise de bienvenue pour sensibiliser et rendre cette exp\u00e9rience plus ludique. De plus, nous impliquerons activement votre (vos) enfant(s) dans le processus de d\u00e9m\u00e9nagement.<\/p>\n<p style=\"margin: 0px 0px 10px; padding: 0px; box-sizing: border-box; color: #676b6d; font-family: 'Open Sans', Helvetica, Arial, Verdana, sans-serif; font-size: 15px; font-style: normal; font-variant-ligatures: normal; font-variant-caps: normal; font-weight: 400; letter-spacing: normal; orphans: 2; text-align: start; text-indent: 0px; text-transform: none; white-space: normal; widows: 2; word-spacing: 0px; -webkit-text-stroke-width: 0px; background-color: #ffffff; text-decoration-style: initial; text-decoration-color: initial;\">Vos enfants peuvent trier leurs propres objets et nous leur fournissons pour cela une bo\u00eete sp\u00e9ciale AGS Netherlands afin de les aider \u00e0 s\u2019installer dans leur nouvel espace avec leurs jouets pr\u00e9f\u00e9r\u00e9s. Cette bo\u00eete sera charg\u00e9e en derni\u00e8re dans le conteneur ou le camion et sera donc d\u00e9charg\u00e9e en premi\u00e8re \u00e0 destination.<\/p>\n<h2 style=\"margin: 20px 0px 10px; padding: 0px; box-sizing: border-box; clear: both; word-break: break-word; color: #676b6d; font: 500 30px \/ 1.1 'Open Sans', Helvetica, Arial, Verdana, sans-serif; text-transform: none; letter-spacing: normal; orphans: 2; text-align: start; text-indent: 0px; white-space: normal; widows: 2; word-spacing: 0px; -webkit-text-stroke-width: 0px; background-color: #ffffff; text-decoration-style: initial; text-decoration-color: initial;\"><strong style=\"margin: 0px; padding: 0px; box-sizing: border-box; font-weight: bold;\">10 conseils lorsque vous d\u00e9m\u00e9nagez avec vos enfants !<\/strong><\/h2>\n<p style=\"margin: 0px 0px 10px; padding: 0px; box-sizing: border-box; color: #676b6d; font-family: 'Open Sans', Helvetica, Arial, Verdana, sans-serif; font-size: 15px; font-style: normal; font-variant-ligatures: normal; font-variant-caps: normal; font-weight: 400; letter-spacing: normal; orphans: 2; text-align: start; text-indent: 0px; text-transform: none; white-space: normal; widows: 2; word-spacing: 0px; -webkit-text-stroke-width: 0px; background-color: #ffffff; text-decoration-style: initial; text-decoration-color: initial;\"><em style=\"margin: 0px; padding: 0px; box-sizing: border-box;\">Faites du d\u00e9m\u00e9nagement un jeu<\/em><\/p>\n<ol style=\"margin: 0px 0px 10px 20px; padding: 0px; box-sizing: border-box; list-style: decimal; color: #676b6d; font-family: 'Open Sans', Helvetica, Arial, Verdana, sans-serif; font-size: 15px; font-style: normal; font-variant-ligatures: normal; font-variant-caps: normal; font-weight: 400; letter-spacing: normal; orphans: 2; text-align: start; text-indent: 0px; text-transform: none; white-space: normal; widows: 2; word-spacing: 0px; -webkit-text-stroke-width: 0px; background-color: #ffffff; text-decoration-style: initial; text-decoration-color: initial;\">\n<li style=\"margin: 0px; padding: 0px; box-sizing: border-box;\">Informez votre enfant \u00e0 temps. Il faut du temps pour s\u2019habituer \u00e0 l\u2019id\u00e9e de d\u00e9m\u00e9nager. Au moment o\u00f9 vous avez d\u00e9cid\u00e9 de d\u00e9m\u00e9nager, vous avez pass\u00e9 plusieurs heures \u00e0 douter et r\u00e9fl\u00e9chir. Votre enfant aura \u00e9galement besoin de ce temps.<\/li>\n<li style=\"margin: 0px; padding: 0px; box-sizing: border-box;\">Commencez rapidement \u00e0 chercher des \u00e9coles, des clubs, etc. Vous<span>\u00a0<\/span><a href=\"https:\/\/www.khz-movers.com\/fr\/international\/\" style=\"margin: 0px; padding: 0px; box-sizing: border-box; text-decoration: none; color: #b02b08; background-color: transparent;\">d\u00e9m\u00e9nagez \u00e0 l\u2019\u00e9tranger<\/a><span>\u00a0<\/span>? Via AGS Netherlands, vous pouvez contacter une agence de relocation pour obtenir de l\u2019aide.<\/li>\n<li style=\"margin: 0px; padding: 0px; box-sizing: border-box;\">Prenez le temps de demander r\u00e9guli\u00e8rement \u00e0 votre enfant comment il ou elle vit ce d\u00e9m\u00e9nagement. Agissez si vous percevez des signaux n\u00e9gatifs.<\/li>\n<li style=\"margin: 0px; padding: 0px; box-sizing: border-box;\">Pr\u00e9sentez le d\u00e9m\u00e9nagement \u00e0 votre enfant comme quelque chose de positif. Tr\u00e8s probablement, votre enfant adoptera votre sentiment positif \u00e0 ce sujet.<\/li>\n<li style=\"margin: 0px; padding: 0px; box-sizing: border-box;\">Donnez \u00e0 votre enfant une chance de dire \u00ab\u00a0adieu\u00a0\u00bb au quartier que vous \u00eates sur le point de quitter. Parcourez votre quartier avec votre enfant et n\u2019h\u00e9sitez pas \u00e0 prendre des photos. Discutez avec lui de ce que vous laissez, mais n\u2019oubliez pas de mentionner sa nouvelle GRANDE chambre, les nouveaux amis, la nouvelle \u00e9cole, etc.<\/li>\n<li style=\"margin: 0px; padding: 0px; box-sizing: border-box;\">Si possible, emmenez d\u2019abord votre enfant en vacances dans le nouveau pays, afin qu\u2019il puisse voir et s\u2019acclimater avec ce nouvel environnement dans un cadre d\u00e9tendu.<\/li>\n<li style=\"margin: 0px; padding: 0px; box-sizing: border-box;\">Organisez une f\u00eate d\u2019adieu. Laissez votre enfant inviter tous ses amis et n\u2019oubliez pas ses grands-parents. Demandez-leur de donner leur adresse e-mail et, par exemple, leurs coordonn\u00e9es Skype, Facebook, Instagram, afin de garder contact.<\/li>\n<li style=\"margin: 0px; padding: 0px; box-sizing: border-box;\">Nous vous recommandons de confier votre enfant \u00e0 vos proches ou amis pendant le d\u00e9m\u00e9nagement. Les \u00e9tudes montrent que cela entra\u00eene moins de stress que d\u2019\u00eatre pr\u00e9sent durant le d\u00e9m\u00e9nagement et emp\u00eache les \u00e9ventuels accidents qui pourraient se d\u00e9rouler lors de celui-ci.<\/li>\n<li style=\"margin: 0px; padding: 0px; box-sizing: border-box;\">Demandez la \u00ab\u00a0bo\u00eete sp\u00e9ciale AGS Netherlands pour enfants\u00a0\u00bb et laissez votre enfant emballer sa peluche pr\u00e9f\u00e9r\u00e9e et d\u2019autres objets qui lui sont chers. Lorsque les portes du camion de d\u00e9m\u00e9nagement ou du conteneur s\u2019ouvriront une fois arriv\u00e9s, la premi\u00e8re chose que votre enfant verra sera sa propre bo\u00eete de d\u00e9m\u00e9nagement.<\/li>\n<li style=\"margin: 0px; padding: 0px; box-sizing: border-box;\">Demandez \u00e0 AGS Netherlands le livre intitul\u00e9 \u00abAGS Netherlands Enfants\u00bb. Votre enfant apprendra de mani\u00e8re ludique et \u00e9ducative \u00e0 faire face \u00e0 ce type de situation.<\/li>\n<\/ol>\n<p>[\/et_pb_text][\/et_pb_column][\/et_pb_row][\/et_pb_section]<\/p>\n","protected":false},"excerpt":{"rendered":"<p><div class=\"et_pb_module lwp_divi_breadcrumbs lwp_divi_breadcrumbs_0\">\n\t\t\t\t\n\t\t\t\t\n\t\t\t\t\n\t\t\t\t\n\t\t\t\t\n\t\t\t\t\n\t\t\t\t<div class=\"et_pb_module_inner\">\n\t\t\t\t\t<div class=\"lwp-breadcrumbs\"> <span class=\"before\"><\/span> <span vocab=\"https:\/\/schema.org\/\" typeof=\"BreadcrumbList\"><span property=\"itemListElement\" typeof=\"ListItem\"><a property=\"item\" typeof=\"WebPage\" href=\"https:\/\/www.khz-movers.com\/fr\/\" class=\"home\"><span property=\"name\">Home<\/span><\/a><meta property=\"position\" content=\"1\"><\/span> <span class=\"separator et-pb-icon\">&#x39;<\/span> <\/span><\/div>\n\t\t\t\t<\/div>\n\t\t\t<\/div>D\u00e9m\u00e9nager avec des enfants Pour les enfants, d\u00e9m\u00e9nager peut \u00eatre une exp\u00e9rience stressante. Ils auront une nouvelle \u00e9cole, une nouvelle maison et beaucoup de nouveaux amis. Une bonne pr\u00e9paration et une prise de conscience des angoisses lors du d\u00e9m\u00e9nagement sont primordiales. Tout cela peut \u00eatre confi\u00e9 \u00e0\u00a0AGS Global Solutions &#8211; Netherlands. Nous [&hellip;]<\/p>\n","protected":false},"author":32,"featured_media":0,"parent":0,"menu_order":0,"comment_status":"closed","ping_status":"open","template":"","meta":{"_et_pb_use_builder":"on","_et_pb_old_content":"","_et_gb_content_width":"","footnotes":""},"class_list":["post-4842","page","type-page","status-publish","hentry"],"_links":{"self":[{"href":"https:\/\/www.khz-movers.com\/fr\/wp-json\/wp\/v2\/pages\/4842","targetHints":{"allow":["GET"]}}],"collection":[{"href":"https:\/\/www.khz-movers.com\/fr\/wp-json\/wp\/v2\/pages"}],"about":[{"href":"https:\/\/www.khz-movers.com\/fr\/wp-json\/wp\/v2\/types\/page"}],"author":[{"embeddable":true,"href":"https:\/\/www.khz-movers.com\/fr\/wp-json\/wp\/v2\/users\/32"}],"replies":[{"embeddable":true,"href":"https:\/\/www.khz-movers.com\/fr\/wp-json\/wp\/v2\/comments?post=4842"}],"version-history":[{"count":0,"href":"https:\/\/www.khz-movers.com\/fr\/wp-json\/wp\/v2\/pages\/4842\/revisions"}],"wp:attachment":[{"href":"https:\/\/www.khz-movers.com\/fr\/wp-json\/wp\/v2\/media?parent=4842"}],"curies":[{"name":"wp","href":"https:\/\/api.w.org\/{rel}","templated":true}]}}